{"id":36,"date":"2024-11-25T18:10:12","date_gmt":"2024-11-25T17:10:12","guid":{"rendered":"https:\/\/geneva-am.com.pa\/es\/?page_id=36"},"modified":"2026-02-25T17:03:27","modified_gmt":"2026-02-25T16:03:27","slug":"equipo","status":"publish","type":"page","link":"https:\/\/geneva-am.com.pa\/es\/equipo\/","title":{"rendered":"Equipo"},"content":{"rendered":"\n<div class=\"wp-block-cover alignfull is-light is-repeated pattern-gradient-shadow-to-right\" style=\"margin-top:0;margin-bottom:0;padding-top:var(--wp--preset--spacing--80);padding-bottom:var(--wp--preset--spacing--80)\"><span aria-hidden=\"true\" class=\"wp-block-cover__background has-palette-color-8-background-color has-background-dim-0 has-background-dim\"><\/span><div class=\"wp-block-cover__image-background wp-image-1468 is-repeated\" style=\"background-position:50% 50%;background-image:url(https:\/\/geneva-am.com.pa\/wp-content\/uploads\/2024\/10\/pattern-oro-piccolo.svg)\"><\/div><div class=\"wp-block-cover__inner-container is-layout-constrained wp-container-core-cover-is-layout-d6ff6055 wp-block-cover-is-layout-constrained\">\n<div style=\"height:1px\" aria-hidden=\"true\" class=\"wp-block-spacer\"><\/div>\n\n\n\n<div class=\"wp-block-columns reverse is-layout-flex wp-container-core-columns-is-layout-f3a7ff92 wp-block-columns-is-layout-flex\">\n<div class=\"wp-block-column is-vertically-aligned-top is-layout-flow wp-block-column-is-layout-flow\">\n<h2 class=\"wp-block-heading has-48-font-size has-palette-color-1-color has-text-color has-link-color wp-elements-12603b797c1c0b1c7d3ebdb12033ef61\" style=\"margin-top:0;margin-bottom:0\">Lineth Lamboglia<\/h2>\n\n\n\n<div class=\"wp-block-stackable-text stk-block-text stk-block stk-2c28395\" data-block-id=\"2c28395\"><style>.stk-2c28395 {margin-bottom:8px !important;}.stk-2c28395 .stk-block-text__text{font-size:30px !important;color:var(--theme-palette-color-1, #293947) !important;}@media screen and (max-width:999px){.stk-2c28395 .stk-block-text__text{font-size:18px !important;}}@media screen and (max-width:689px){.stk-2c28395 .stk-block-text__text{font-size:22px !important;}}<\/style><p class=\"stk-block-text__text has-text-color\">Directora<\/p><\/div>\n\n\n\n<p>La se\u00f1ora Lamboglia cuenta con 34 a\u00f1os de experiencia en el sector financiero paname\u00f1o, donde se ha destacado desde muy joven, ejerciendo cargos gerenciales.<\/p>\n\n\n\n<p>Cuenta con amplia experiencia en el sector inmobiliario paname\u00f1o, donde obtiene en el a\u00f1o 2017 una Licencia de Corredora de Bienes Ra\u00edces. Se gradu\u00f3 en la Universidad Latina de Panam\u00e1, con un t\u00edtulo en Administraci\u00f3n de Negocios con \u00c9nfasis en Banca y un Post-Grado en Alta Gerencia.<\/p>\n\n\n\n<p>Ha trabajado en la banca paname\u00f1a, iniciando su carrera en el a\u00f1o 1986, ejerciendo diferentes cargos.&nbsp; A muy corta edad ocupa el puesto de Gerente de Sucursal y posteriormente de Gerente de Banca Patrimonial, hasta el a\u00f1o 2020. En el a\u00f1o 2021 se incorpora a GAWM,S.A. donde se desempe\u00f1a como Directora Presidente de la Junta Directiva.<\/p>\n\n\n\n<p>Habla espa\u00f1ol y tiene muy buenos conocimientos en Ingles e italiano.<\/p>\n<\/div>\n\n\n\n<div class=\"wp-block-column is-vertically-aligned-top is-layout-flow wp-block-column-is-layout-flow\">\n<figure class=\"wp-block-image size-full\"><img decoding=\"async\" width=\"600\" height=\"450\" src=\"https:\/\/geneva-am.com.pa\/es\/wp-content\/uploads\/sites\/4\/2024\/12\/Lineth-Lamboglia.webp\" alt=\"\" class=\"wp-image-358\" style=\"aspect-ratio:4\/3;object-fit:cover\" srcset=\"https:\/\/geneva-am.com.pa\/es\/wp-content\/uploads\/sites\/4\/2024\/12\/Lineth-Lamboglia.webp 600w, https:\/\/geneva-am.com.pa\/es\/wp-content\/uploads\/sites\/4\/2024\/12\/Lineth-Lamboglia-300x225.webp 300w\" sizes=\"(max-width: 600px) 100vw, 600px\" \/><\/figure>\n\n\n\n<div class=\"wp-block-group is-content-justification-center is-nowrap is-layout-flex wp-container-core-group-is-layout-23441af8 wp-block-group-is-layout-flex\">\n<figure class=\"wp-block-image size-full is-resized\"><img decoding=\"async\" src=\"https:\/\/geneva-am.com.pa\/wp-content\/uploads\/2024\/10\/email-icon.svg\" alt=\"\" class=\"wp-image-1316\" style=\"width:24px\"\/><\/figure>\n\n\n\n<p style=\"margin-top:var(--wp--preset--spacing--30)\">lineth@geneva-am.com<\/p>\n<\/div>\n<\/div>\n<\/div>\n\n\n\n<div class=\"wp-block-columns is-layout-flex wp-container-core-columns-is-layout-f3a7ff92 wp-block-columns-is-layout-flex\">\n<div class=\"wp-block-column is-vertically-aligned-top is-layout-flow wp-block-column-is-layout-flow\">\n<figure class=\"wp-block-image size-full\"><img decoding=\"async\" width=\"1024\" height=\"1157\" src=\"https:\/\/geneva-am.com.pa\/es\/wp-content\/uploads\/sites\/4\/2026\/02\/Andrea-Fuenmayor.webp\" alt=\"\" class=\"wp-image-416\" style=\"aspect-ratio:4\/3;object-fit:cover\" srcset=\"https:\/\/geneva-am.com.pa\/es\/wp-content\/uploads\/sites\/4\/2026\/02\/Andrea-Fuenmayor.webp 1024w, https:\/\/geneva-am.com.pa\/es\/wp-content\/uploads\/sites\/4\/2026\/02\/Andrea-Fuenmayor-266x300.webp 266w, https:\/\/geneva-am.com.pa\/es\/wp-content\/uploads\/sites\/4\/2026\/02\/Andrea-Fuenmayor-906x1024.webp 906w, https:\/\/geneva-am.com.pa\/es\/wp-content\/uploads\/sites\/4\/2026\/02\/Andrea-Fuenmayor-768x868.webp 768w\" sizes=\"(max-width: 1024px) 100vw, 1024px\" \/><\/figure>\n\n\n\n<div class=\"wp-block-group is-content-justification-center is-nowrap is-layout-flex wp-container-core-group-is-layout-baec5f60 wp-block-group-is-layout-flex\" style=\"margin-top:0;padding-top:0;padding-bottom:0\">\n<figure class=\"wp-block-image size-full is-resized\"><img decoding=\"async\" src=\"https:\/\/geneva-am.com.pa\/wp-content\/uploads\/2024\/10\/email-icon.svg\" alt=\"\" class=\"wp-image-1316\" style=\"width:24px\"\/><\/figure>\n\n\n\n<p style=\"margin-top:var(--wp--preset--spacing--30)\">andrea@geneva-am.com<\/p>\n<\/div>\n<\/div>\n\n\n\n<div class=\"wp-block-column is-vertically-aligned-top is-layout-flow wp-block-column-is-layout-flow\">\n<h2 class=\"wp-block-heading has-48-font-size has-palette-color-1-color has-text-color has-link-color wp-elements-6155e5c54fbc849a4a6a4cbdae64b7fe\" style=\"margin-top:0;margin-bottom:0\">Andrea Fuenmayor<\/h2>\n\n\n\n<div class=\"wp-block-stackable-text stk-block-text stk-block stk-7f6d352\" data-block-id=\"7f6d352\"><style>.stk-7f6d352 {margin-bottom:8px !important;}.stk-7f6d352 .stk-block-text__text{font-size:30px !important;color:var(--theme-palette-color-1, #293947) !important;}@media screen and (max-width:999px){.stk-7f6d352 .stk-block-text__text{font-size:18px !important;}}@media screen and (max-width:689px){.stk-7f6d352 .stk-block-text__text{font-size:22px !important;}}<\/style><p class=\"stk-block-text__text has-text-color\">Asistente Administrativa&nbsp;<\/p><\/div>\n\n\n\n<p>Andrea Fuenmayor cuenta con m\u00e1s de una d\u00e9cada de experiencia en ventas y asesor\u00eda de bienes ra\u00edces. Licenciada en Comunicaci\u00f3n Social, menci\u00f3n Publicidad y Relaciones P\u00fablicas.<\/p>\n\n\n\n<p>Profesional biling\u00fce, espa\u00f1ol nativo e ingl\u00e9s, combina habilidades comunicacionales con una s\u00f3lida capacidad organizativa y orientaci\u00f3n al servicio.<\/p>\n\n\n\n<p>Ha trabajado en empresas promotoras inmobiliarias, acompa\u00f1ando a clientes en procesos de compra, venta y alquiler de propiedades, as\u00ed como en la elaboraci\u00f3n de contratos, seguimiento administrativo y servicio postventa. Su experiencia le permite brindar una atenci\u00f3n cercana, clara y eficiente durante cada etapa del proceso comercial.<\/p>\n\n\n\n<p>En GAWM, S.A., es pieza clave en el apoyo a la Direcci\u00f3n General, aportando compromiso, organizaci\u00f3n y un trato profesional con clientes nacionales e internacionales.<\/p>\n<\/div>\n<\/div>\n<\/div><\/div>\n","protected":false},"excerpt":{"rendered":"","protected":false},"author":1,"featured_media":0,"parent":0,"menu_order":0,"comment_status":"closed","ping_status":"closed","template":"","meta":{"ngg_post_thumbnail":0,"_jet_sm_ready_style":".jet-sm-gb-3723e7ed-b0d7-4e00-9ec8-3eec5ad71c52 .jet-listing-not-found{color: ;} .jet-sm-gb-3723e7ed-b0d7-4e00-9ec8-3eec5ad71c52 .jet-listing-grid__slider-icon{background: var(--theme-palette-color-9, #c0c0c0);} .jet-sm-gb-3723e7ed-b0d7-4e00-9ec8-3eec5ad71c52 .jet-listing-grid__slider-icon:hover{background: var(--theme-palette-color-1, #293947);} .jet-sm-gb-f7363223-3a65-490a-8722-7d31f2f47156 .jet-listing-not-found{color: ;} :is( .jet-sm-gb-f7363223-3a65-490a-8722-7d31f2f47156 > .jet-listing-grid > .jet-listing-grid__items, .jet-sm-gb-f7363223-3a65-490a-8722-7d31f2f47156 > .jet-listing-grid > .jet-listing-grid__slider > .jet-listing-grid__items > .slick-list > .slick-track, .jet-sm-gb-f7363223-3a65-490a-8722-7d31f2f47156 > .jet-listing-grid > .jet-listing-grid__scroll-slider > .jet-listing-grid__items ) > .jet-listing-grid__item{} @media only screen and (max-width: 480px){ :is( .jet-sm-gb-f7363223-3a65-490a-8722-7d31f2f47156 > .jet-listing-grid > .jet-listing-grid__items, .jet-sm-gb-f7363223-3a65-490a-8722-7d31f2f47156 > .jet-listing-grid > .jet-listing-grid__slider > .jet-listing-grid__items > .slick-list > .slick-track, .jet-sm-gb-f7363223-3a65-490a-8722-7d31f2f47156 > .jet-listing-grid > .jet-listing-grid__scroll-slider > .jet-listing-grid__items ) > .jet-listing-grid__item { padding-top: calc(24px \/ 2); padding-bottom: calc(24px \/ 2); } }:is( .jet-sm-gb-f7363223-3a65-490a-8722-7d31f2f47156 > .jet-listing-grid, .jet-sm-gb-f7363223-3a65-490a-8722-7d31f2f47156 > .jet-listing-grid > .jet-listing-grid__slider, .jet-sm-gb-f7363223-3a65-490a-8722-7d31f2f47156 > .jet-listing-grid > .jet-listing-grid__scroll-slider ) > .jet-listing-grid__items.grid-collapse-gap{} @media only screen and (max-width: 480px){ :is( .jet-sm-gb-f7363223-3a65-490a-8722-7d31f2f47156 > .jet-listing-grid, .jet-sm-gb-f7363223-3a65-490a-8722-7d31f2f47156 > .jet-listing-grid > .jet-listing-grid__slider, .jet-sm-gb-f7363223-3a65-490a-8722-7d31f2f47156 > .jet-listing-grid > .jet-listing-grid__scroll-slider ) > .jet-listing-grid__items.grid-collapse-gap { margin-top: calc(-24px \/ 2); margin-bottom: calc(-24px \/ 2); } }","_jet_sm_style":"{\"jet-sm-gb-3723e7ed-b0d7-4e00-9ec8-3eec5ad71c52\":{\".jet-sm-gb-3723e7ed-b0d7-4e00-9ec8-3eec5ad71c52 .jet-listing-not-found\":{\"not_found_color\":{\"value\":\"color: ;\"}},\".jet-sm-gb-3723e7ed-b0d7-4e00-9ec8-3eec5ad71c52 .jet-listing-grid__slider-icon\":{\"arrow_bg_color\":{\"value\":\"background: var(--theme-palette-color-9, #c0c0c0);\"}},\".jet-sm-gb-3723e7ed-b0d7-4e00-9ec8-3eec5ad71c52 .jet-listing-grid__slider-icon:hover\":{\"arrow_bg_color_hover\":{\"value\":\"background: var(--theme-palette-color-1, #293947);\"}}},\"jet-sm-gb-f7363223-3a65-490a-8722-7d31f2f47156\":{\".jet-sm-gb-f7363223-3a65-490a-8722-7d31f2f47156 .jet-listing-not-found\":{\"not_found_color\":{\"value\":\"color: ;\"}},\":is( .jet-sm-gb-f7363223-3a65-490a-8722-7d31f2f47156 > .jet-listing-grid > .jet-listing-grid__items, .jet-sm-gb-f7363223-3a65-490a-8722-7d31f2f47156 > .jet-listing-grid > .jet-listing-grid__slider > .jet-listing-grid__items > .slick-list > .slick-track, .jet-sm-gb-f7363223-3a65-490a-8722-7d31f2f47156 > .jet-listing-grid > .jet-listing-grid__scroll-slider > .jet-listing-grid__items ) > .jet-listing-grid__item\":{\"vertical_gap\":{\"mobile\":{\"max\":480,\"mediaQuery\":\"@media only screen and (max-width: 480px)\",\"option\":\"padding-top: calc(24px \/ 2); padding-bottom: calc(24px \/ 2);\"}}},\":is( .jet-sm-gb-f7363223-3a65-490a-8722-7d31f2f47156 > .jet-listing-grid, .jet-sm-gb-f7363223-3a65-490a-8722-7d31f2f47156 > .jet-listing-grid > .jet-listing-grid__slider, .jet-sm-gb-f7363223-3a65-490a-8722-7d31f2f47156 > .jet-listing-grid > .jet-listing-grid__scroll-slider ) > .jet-listing-grid__items.grid-collapse-gap\":{\"vertical_gap\":{\"mobile\":{\"max\":480,\"mediaQuery\":\"@media only screen and (max-width: 480px)\",\"option\":\"margin-top: calc(-24px \/ 2); margin-bottom: calc(-24px \/ 2);\"}}}}}","_jet_sm_controls_values":"{\"jet-sm-gb-3723e7ed-b0d7-4e00-9ec8-3eec5ad71c52\":{\"horizontal_gap\":{\"value\":{\"value\":0,\"unit\":\"px\"}},\"vertical_gap\":{\"value\":{\"value\":0,\"unit\":\"px\"}},\"loader_color\":{\"value\":\"\"},\"loader_size\":{\"value\":{\"value\":0,\"unit\":\"px\"}},\"loader_text_color\":{\"value\":\"\"},\"loader_text_typography\":{\"value\":{\"family\":\"inherit\",\"size\":14,\"s_unit\":\"px\",\"weight\":\"400\",\"transform\":\"inherit\",\"style\":\"inherit\",\"decoration\":\"inherit\",\"lineHeight\":1.2,\"lh_unit\":\"\",\"letterSpacing\":0,\"ls_unit\":\"px\"}},\"center_mode_padding\":{\"value\":{\"value\":0,\"unit\":\"px\"}},\"arrows_box_size\":{\"value\":{\"value\":0,\"unit\":\"px\"}},\"arrows_size\":{\"value\":{\"value\":0,\"unit\":\"px\"}},\"arrows_z_index\":{\"value\":{\"value\":0,\"unit\":\"px\"}},\"arrow_color\":{\"value\":\"\"},\"arrow_bg_color\":{\"value\":\"var(--theme-palette-color-9, #c0c0c0)\"},\"arrow_color_hover\":{\"value\":\"\"},\"arrow_bg_color_hover\":{\"value\":\"var(--theme-palette-color-1, #293947)\"},\"dots_size\":{\"value\":{\"value\":0,\"unit\":\"px\"}},\"dots_gap\":{\"value\":{\"value\":0,\"unit\":\"px\"}},\"dots_bg_color\":{\"value\":\"\"},\"dots_bg_color_hover\":{\"value\":\"\"},\"dots_bg_color_active\":{\"value\":\"\"},\"not_found_typography\":{\"value\":{\"family\":\"inherit\",\"size\":14,\"s_unit\":\"px\",\"weight\":\"400\",\"transform\":\"inherit\",\"style\":\"inherit\",\"decoration\":\"inherit\",\"lineHeight\":1.2,\"lh_unit\":\"\",\"letterSpacing\":0,\"ls_unit\":\"px\"}},\"not_found_color\":{\"value\":\"\"}},\"jet-sm-gb-f7363223-3a65-490a-8722-7d31f2f47156\":{\"horizontal_gap\":{\"value\":{\"value\":0,\"unit\":\"px\"}},\"vertical_gap\":{\"mobile\":{\"value\":24,\"unit\":\"px\"}},\"loader_color\":{\"value\":\"\"},\"loader_size\":{\"value\":{\"value\":0,\"unit\":\"px\"}},\"loader_text_color\":{\"value\":\"\"},\"loader_text_typography\":{\"value\":{\"family\":\"inherit\",\"size\":14,\"s_unit\":\"px\",\"weight\":\"400\",\"transform\":\"inherit\",\"style\":\"inherit\",\"decoration\":\"inherit\",\"lineHeight\":1.2,\"lh_unit\":\"\",\"letterSpacing\":0,\"ls_unit\":\"px\"}},\"center_mode_padding\":{\"value\":{\"value\":0,\"unit\":\"px\"}},\"arrows_box_size\":{\"value\":{\"value\":0,\"unit\":\"px\"}},\"arrows_size\":{\"value\":{\"value\":0,\"unit\":\"px\"}},\"arrows_z_index\":{\"value\":{\"value\":0,\"unit\":\"px\"}},\"arrow_color\":{\"value\":\"\"},\"arrow_bg_color\":{\"value\":\"\"},\"arrow_color_hover\":{\"value\":\"\"},\"arrow_bg_color_hover\":{\"value\":\"\"},\"dots_size\":{\"value\":{\"value\":0,\"unit\":\"px\"}},\"dots_gap\":{\"value\":{\"value\":0,\"unit\":\"px\"}},\"dots_bg_color\":{\"value\":\"\"},\"dots_bg_color_hover\":{\"value\":\"\"},\"dots_bg_color_active\":{\"value\":\"\"},\"not_found_typography\":{\"value\":{\"family\":\"inherit\",\"size\":14,\"s_unit\":\"px\",\"weight\":\"400\",\"transform\":\"inherit\",\"style\":\"inherit\",\"decoration\":\"inherit\",\"lineHeight\":1.2,\"lh_unit\":\"\",\"letterSpacing\":0,\"ls_unit\":\"px\"}},\"not_found_color\":{\"value\":\"\"}}}","_jet_sm_fonts_collection":"{}","_jet_sm_fonts_links":"\"<link rel=\\\"preconnect\\\" href=\\\"https:\/\/fonts.gstatic.com\\\">\"","footnotes":""},"class_list":["post-36","page","type-page","status-publish","hentry"],"blocksy_meta":{"vertical_spacing_source":"custom","content_area_spacing":"bottom","styles_descriptor":{"styles":{"desktop":"","tablet":"","mobile":""},"google_fonts":[],"version":6}},"_links":{"self":[{"href":"https:\/\/geneva-am.com.pa\/es\/wp-json\/wp\/v2\/pages\/36","targetHints":{"allow":["GET"]}}],"collection":[{"href":"https:\/\/geneva-am.com.pa\/es\/wp-json\/wp\/v2\/pages"}],"about":[{"href":"https:\/\/geneva-am.com.pa\/es\/wp-json\/wp\/v2\/types\/page"}],"author":[{"embeddable":true,"href":"https:\/\/geneva-am.com.pa\/es\/wp-json\/wp\/v2\/users\/1"}],"replies":[{"embeddable":true,"href":"https:\/\/geneva-am.com.pa\/es\/wp-json\/wp\/v2\/comments?post=36"}],"version-history":[{"count":12,"href":"https:\/\/geneva-am.com.pa\/es\/wp-json\/wp\/v2\/pages\/36\/revisions"}],"predecessor-version":[{"id":417,"href":"https:\/\/geneva-am.com.pa\/es\/wp-json\/wp\/v2\/pages\/36\/revisions\/417"}],"wp:attachment":[{"href":"https:\/\/geneva-am.com.pa\/es\/wp-json\/wp\/v2\/media?parent=36"}],"curies":[{"name":"wp","href":"https:\/\/api.w.org\/{rel}","templated":true}]}}