{"id":34,"date":"2024-11-25T18:09:26","date_gmt":"2024-11-25T17:09:26","guid":{"rendered":"https:\/\/geneva-am.com.pa\/es\/?page_id=34"},"modified":"2025-02-06T15:32:00","modified_gmt":"2025-02-06T14:32:00","slug":"servicios-de-relocacion","status":"publish","type":"page","link":"https:\/\/geneva-am.com.pa\/es\/nuestros-servicios\/servicios-de-relocacion\/","title":{"rendered":"Servicios de Relocaci\u00f3n"},"content":{"rendered":"\n<div class=\"wp-block-cover alignfull is-light is-repeated pattern-gradient-shadow-to-right\" style=\"margin-top:0;margin-bottom:0;padding-top:var(--wp--preset--spacing--80);padding-bottom:var(--wp--preset--spacing--70)\"><span aria-hidden=\"true\" class=\"wp-block-cover__background has-palette-color-8-background-color has-background-dim-0 has-background-dim\"><\/span><div class=\"wp-block-cover__image-background wp-image-86 is-repeated\" style=\"background-position:50% 50%;background-image:url(https:\/\/geneva-am.com.pa\/es\/wp-content\/uploads\/sites\/4\/2024\/11\/pattern-oro-piccolo.svg)\"><\/div><div class=\"wp-block-cover__inner-container is-layout-constrained wp-block-cover-is-layout-constrained\">\n<div class=\"wp-block-group is-layout-constrained wp-block-group-is-layout-constrained\"><h1 class=\"has-text-align-center has-link-color wp-elements-483c783525a75b3320fc677f56041fea wp-block-post-title has-text-color has-palette-color-1-color\">Servicios de Relocaci\u00f3n<\/h1>\n\n\n<p class=\"has-text-align-center\">Nos especializamos en servicios de reubicaci\u00f3n sin complicaciones, asistiendo a individuos y familias en todos los aspectos de su mudanza.<\/p>\n\n\n\n<p class=\"has-text-align-center\">Nuestros servicios incluyen:<\/p>\n\n\n\n<div class=\"wp-block-group is-layout-constrained wp-container-core-group-is-layout-cea43126 wp-block-group-is-layout-constrained\" style=\"margin-top:var(--wp--preset--spacing--60)\">\n<div class=\"wp-block-columns is-layout-flex wp-container-core-columns-is-layout-d76c625d wp-block-columns-is-layout-flex\">\n<div class=\"wp-block-column is-vertically-aligned-center is-layout-flow wp-block-column-is-layout-flow\">\n<figure class=\"wp-block-image size-full\"><img decoding=\"async\" width=\"1920\" height=\"1080\" src=\"https:\/\/geneva-am.com.pa\/es\/wp-content\/uploads\/sites\/4\/2024\/12\/relocations.webp\" alt=\"\" class=\"wp-image-374\" style=\"object-fit:cover\" srcset=\"https:\/\/geneva-am.com.pa\/es\/wp-content\/uploads\/sites\/4\/2024\/12\/relocations.webp 1920w, https:\/\/geneva-am.com.pa\/es\/wp-content\/uploads\/sites\/4\/2024\/12\/relocations-300x169.webp 300w, https:\/\/geneva-am.com.pa\/es\/wp-content\/uploads\/sites\/4\/2024\/12\/relocations-1024x576.webp 1024w, https:\/\/geneva-am.com.pa\/es\/wp-content\/uploads\/sites\/4\/2024\/12\/relocations-768x432.webp 768w, https:\/\/geneva-am.com.pa\/es\/wp-content\/uploads\/sites\/4\/2024\/12\/relocations-1536x864.webp 1536w\" sizes=\"(max-width: 1920px) 100vw, 1920px\" \/><\/figure>\n<\/div>\n\n\n\n<div class=\"wp-block-column is-layout-flow wp-block-column-is-layout-flow\">\n<p><strong>Soporte de Inmigraci\u00f3n:<\/strong>&nbsp;Solicitudes de visas y permisos de trabajo, permisos de residencia y otros procedimientos legales y administrativos.<\/p>\n\n\n\n<p><strong>Soluciones de Vivienda:<\/strong>&nbsp;B\u00fasqueda de opciones de vivienda adecuadas, desde alquileres temporales hasta compras de propiedades permanentes, adaptadas a sus necesidades espec\u00edficas.<\/p>\n\n\n\n<p><strong>Establecimiento de Empresas:<\/strong>&nbsp;Asistencia en la formaci\u00f3n de empresas, licencias comerciales y configuraci\u00f3n operativa.<\/p>\n\n\n\n<p><strong>Banca y Finanzas:<\/strong>&nbsp;Facilitaci\u00f3n de la apertura de cuentas bancarias y consultor\u00eda en asuntos financieros.<\/p>\n<\/div>\n<\/div>\n\n\n\n<div class=\"wp-block-columns reverse is-layout-flex wp-container-core-columns-is-layout-d76c625d wp-block-columns-is-layout-flex\">\n<div class=\"wp-block-column is-layout-flow wp-block-column-is-layout-flow\">\n<p><strong>Servicios de Seguros:<\/strong>&nbsp;Arreglo de coberturas de seguros integrales, incluyendo salud, vida y propiedad.<\/p>\n\n\n\n<p><strong>Orientaci\u00f3n Cultural:<\/strong>&nbsp;Proporcionando informaci\u00f3n cultural y consejos pr\u00e1cticos para ayudarlo a adaptarse a su nuevo entorno.<\/p>\n\n\n\n<p><strong>Matr\u00edcula Escolar:<\/strong>&nbsp;Asistencia con la matr\u00edcula de ni\u00f1os en escuelas locales.<\/p>\n\n\n\n<p><strong>Gesti\u00f3n de servicios personalizados:<\/strong>&nbsp;Gesti\u00f3n de servicios personalizados, incluyendo traslados al aeropuerto, gesti\u00f3n de propiedades y m\u00e1s.<\/p>\n<\/div>\n\n\n\n<div class=\"wp-block-column is-vertically-aligned-center is-layout-flow wp-block-column-is-layout-flow\">\n<figure class=\"wp-block-image size-full\"><img decoding=\"async\" width=\"1920\" height=\"1080\" src=\"https:\/\/geneva-am.com.pa\/es\/wp-content\/uploads\/sites\/4\/2024\/12\/4.webp\" alt=\"\" class=\"wp-image-375\" style=\"object-fit:cover\" srcset=\"https:\/\/geneva-am.com.pa\/es\/wp-content\/uploads\/sites\/4\/2024\/12\/4.webp 1920w, https:\/\/geneva-am.com.pa\/es\/wp-content\/uploads\/sites\/4\/2024\/12\/4-300x169.webp 300w, https:\/\/geneva-am.com.pa\/es\/wp-content\/uploads\/sites\/4\/2024\/12\/4-1024x576.webp 1024w, https:\/\/geneva-am.com.pa\/es\/wp-content\/uploads\/sites\/4\/2024\/12\/4-768x432.webp 768w, https:\/\/geneva-am.com.pa\/es\/wp-content\/uploads\/sites\/4\/2024\/12\/4-1536x864.webp 1536w\" sizes=\"(max-width: 1920px) 100vw, 1920px\" \/><\/figure>\n<\/div>\n<\/div>\n\n\n\n<p class=\"has-text-align-center\">Al aprovechar nuestra experiencia y nuestra red global, garantizamos una experiencia de reubicaci\u00f3n fluida y sin estr\u00e9s.<\/p>\n<\/div>\n<\/div>\n<\/div><\/div>\n","protected":false},"excerpt":{"rendered":"","protected":false},"author":1,"featured_media":0,"parent":28,"menu_order":0,"comment_status":"closed","ping_status":"closed","template":"","meta":{"ngg_post_thumbnail":0,"_jet_sm_ready_style":"","_jet_sm_style":"","_jet_sm_controls_values":"","_jet_sm_fonts_collection":"","_jet_sm_fonts_links":"","footnotes":""},"class_list":["post-34","page","type-page","status-publish","hentry"],"blocksy_meta":{"vertical_spacing_source":"custom","content_area_spacing":"none","styles_descriptor":{"styles":{"desktop":"","tablet":"","mobile":""},"google_fonts":[],"version":6}},"_links":{"self":[{"href":"https:\/\/geneva-am.com.pa\/es\/wp-json\/wp\/v2\/pages\/34","targetHints":{"allow":["GET"]}}],"collection":[{"href":"https:\/\/geneva-am.com.pa\/es\/wp-json\/wp\/v2\/pages"}],"about":[{"href":"https:\/\/geneva-am.com.pa\/es\/wp-json\/wp\/v2\/types\/page"}],"author":[{"embeddable":true,"href":"https:\/\/geneva-am.com.pa\/es\/wp-json\/wp\/v2\/users\/1"}],"replies":[{"embeddable":true,"href":"https:\/\/geneva-am.com.pa\/es\/wp-json\/wp\/v2\/comments?post=34"}],"version-history":[{"count":7,"href":"https:\/\/geneva-am.com.pa\/es\/wp-json\/wp\/v2\/pages\/34\/revisions"}],"predecessor-version":[{"id":392,"href":"https:\/\/geneva-am.com.pa\/es\/wp-json\/wp\/v2\/pages\/34\/revisions\/392"}],"up":[{"embeddable":true,"href":"https:\/\/geneva-am.com.pa\/es\/wp-json\/wp\/v2\/pages\/28"}],"wp:attachment":[{"href":"https:\/\/geneva-am.com.pa\/es\/wp-json\/wp\/v2\/media?parent=34"}],"curies":[{"name":"wp","href":"https:\/\/api.w.org\/{rel}","templated":true}]}}