{"id":19,"date":"2024-11-25T18:03:42","date_gmt":"2024-11-25T17:03:42","guid":{"rendered":"https:\/\/geneva-am.com.pa\/es\/?page_id=19"},"modified":"2025-02-06T15:29:18","modified_gmt":"2025-02-06T14:29:18","slug":"empresa","status":"publish","type":"page","link":"https:\/\/geneva-am.com.pa\/es\/empresa\/","title":{"rendered":"Empresa"},"content":{"rendered":"\n<div class=\"wp-block-cover alignfull is-light is-repeated pattern-gradient-shadow-to-right\" style=\"margin-top:0;margin-bottom:0;padding-top:var(--wp--preset--spacing--80);padding-bottom:var(--wp--preset--spacing--70)\"><span aria-hidden=\"true\" class=\"wp-block-cover__background has-palette-color-8-background-color has-background-dim-0 has-background-dim\"><\/span><div class=\"wp-block-cover__image-background wp-image-1713 is-repeated\" style=\"background-position:50% 50%;background-image:url(https:\/\/geneva-am.com.pa\/wp-content\/uploads\/2024\/11\/pattern-oro-piccolo-1.svg)\"><\/div><div class=\"wp-block-cover__inner-container is-layout-constrained wp-block-cover-is-layout-constrained\">\n<h1 class=\"wp-block-heading has-text-align-center has-palette-color-1-color has-text-color has-link-color wp-elements-8c90cf4f6feb257ea0acbb2ed2d4bf3c\" style=\"margin-top:0;margin-bottom:0\">Misi\u00f3n<\/h1>\n\n\n\n<h3 class=\"wp-block-heading has-text-align-center has-palette-color-1-color has-text-color has-link-color wp-elements-d9fe93bc0b8c5d0f2f974ff152eaef8a\" style=\"margin-top:0;margin-bottom:0\">Tu Puente hacia las Am\u00e9ricas<\/h3>\n\n\n\n<div class=\"wp-block-group is-layout-constrained wp-container-core-group-is-layout-cea43126 wp-block-group-is-layout-constrained\" style=\"margin-top:var(--wp--preset--spacing--60)\">\n<div class=\"wp-block-columns is-layout-flex wp-container-core-columns-is-layout-d76c625d wp-block-columns-is-layout-flex\">\n<div class=\"wp-block-column is-vertically-aligned-center is-layout-flow wp-block-column-is-layout-flow\">\n<figure class=\"wp-block-image size-full\"><img decoding=\"async\" width=\"1920\" height=\"1080\" src=\"https:\/\/geneva-am.com.pa\/es\/wp-content\/uploads\/sites\/4\/2024\/12\/5.webp\" alt=\"\" class=\"wp-image-371\" style=\"object-fit:cover\" srcset=\"https:\/\/geneva-am.com.pa\/es\/wp-content\/uploads\/sites\/4\/2024\/12\/5.webp 1920w, https:\/\/geneva-am.com.pa\/es\/wp-content\/uploads\/sites\/4\/2024\/12\/5-300x169.webp 300w, https:\/\/geneva-am.com.pa\/es\/wp-content\/uploads\/sites\/4\/2024\/12\/5-1024x576.webp 1024w, https:\/\/geneva-am.com.pa\/es\/wp-content\/uploads\/sites\/4\/2024\/12\/5-768x432.webp 768w, https:\/\/geneva-am.com.pa\/es\/wp-content\/uploads\/sites\/4\/2024\/12\/5-1536x864.webp 1536w\" sizes=\"(max-width: 1920px) 100vw, 1920px\" \/><\/figure>\n<\/div>\n\n\n\n<div class=\"wp-block-column is-layout-flow wp-block-column-is-layout-flow\">\n<h3 class=\"wp-block-heading has-palette-color-1-color has-text-color has-link-color wp-elements-d076cd9996900a76e5939922ce757ef8\">Nuestra Historia<\/h3>\n\n\n\n<p class=\"has-text-align-left\">Fundada en 2021 como subsidiaria de Geneva Asset &amp; Wealth Management, GAWM, S.A. es una empresa din\u00e1mica con sede en Ciudad de Panam\u00e1, Panam\u00e1. Aprovechando la estrat\u00e9gica ubicaci\u00f3n geogr\u00e1fica de Panam\u00e1, conectamos Europa y Am\u00e9rica a trav\u00e9s de una visi\u00f3n empresarial global.<\/p>\n\n\n\n<p class=\"has-text-align-left\">La empresa comenz\u00f3 con la formaci\u00f3n de una corporaci\u00f3n y la b\u00fasqueda de una ubicaci\u00f3n estrat\u00e9gica en la vibrante capital paname\u00f1a, aprovechando la posici\u00f3n geogr\u00e1fica privilegiada del pa\u00eds como centro de negocios internacional.<\/p>\n<\/div>\n<\/div>\n\n\n\n<div class=\"wp-block-columns reverse is-layout-flex wp-container-core-columns-is-layout-d76c625d wp-block-columns-is-layout-flex\">\n<div class=\"wp-block-column is-layout-flow wp-block-column-is-layout-flow\">\n<p class=\"has-text-align-left\">Reconociendo la posici\u00f3n estrat\u00e9gica de Panam\u00e1 como un centro de negocios global, establecimos nuestra empresa en su vibrante capital, capitalizando su excelente ubicaci\u00f3n e infraestructura robusta para facilitar las operaciones comerciales internacionales.<\/p>\n\n\n\n<p>GAWM, S.A. ofrece servicios integrales de Family Office adaptados a las necesidades \u00fanicas de individuos de alto patrimonio neto. Nuestra experiencia radica en la consultor\u00eda personalizada, la asistencia en reubicaci\u00f3n y el desarrollo estrat\u00e9gico de negocios.<\/p>\n\n\n\n<p class=\"has-text-align-left\">Liderados por nuestra visionaria CEO, Giannina Berreby, impulsamos el crecimiento y la innovaci\u00f3n en Panam\u00e1.<\/p>\n<\/div>\n\n\n\n<div class=\"wp-block-column is-vertically-aligned-center is-layout-flow wp-block-column-is-layout-flow\">\n<figure class=\"wp-block-image size-full\"><img decoding=\"async\" width=\"1920\" height=\"1080\" src=\"https:\/\/geneva-am.com.pa\/es\/wp-content\/uploads\/sites\/4\/2024\/12\/company2.webp\" alt=\"\" class=\"wp-image-372\" style=\"object-fit:cover\" srcset=\"https:\/\/geneva-am.com.pa\/es\/wp-content\/uploads\/sites\/4\/2024\/12\/company2.webp 1920w, https:\/\/geneva-am.com.pa\/es\/wp-content\/uploads\/sites\/4\/2024\/12\/company2-300x169.webp 300w, https:\/\/geneva-am.com.pa\/es\/wp-content\/uploads\/sites\/4\/2024\/12\/company2-1024x576.webp 1024w, https:\/\/geneva-am.com.pa\/es\/wp-content\/uploads\/sites\/4\/2024\/12\/company2-768x432.webp 768w, https:\/\/geneva-am.com.pa\/es\/wp-content\/uploads\/sites\/4\/2024\/12\/company2-1536x864.webp 1536w\" sizes=\"(max-width: 1920px) 100vw, 1920px\" \/><\/figure>\n<\/div>\n<\/div>\n\n\n\n<p class=\"has-text-align-center\">\u00danase a nosotros para dar forma al futuro de los negocios internacionales.<\/p>\n<\/div>\n<\/div><\/div>\n\n\n\n<div class=\"wp-block-stackable-columns alignfull stk-block-columns stk--hide-tablet stk--hide-mobile stk-block stk-d94b978\" data-block-id=\"d94b978\"><style>.stk-d94b978 {margin-top:0px !important;margin-bottom:0px !important;}@media screen and (max-width:689px){.stk-d94b978 {margin-bottom:0px !important;}}<\/style><div class=\"stk-row stk-inner-blocks stk-block-content stk-content-align stk-d94b978-column alignfull\">\n<div class=\"wp-block-stackable-column stk-block-column stk-column stk-block stk-95259db\" data-v=\"4\" data-block-id=\"95259db\"><style>.stk-95259db-container{margin-top:0px !important;margin-right:0px !important;margin-bottom:0px !important;margin-left:0px !important;}<\/style><div class=\"stk-column-wrapper stk-block-column__content stk-container stk-95259db-container stk--no-background stk--no-padding\"><div class=\"stk-block-content stk-inner-blocks stk-95259db-inner-blocks\">\n<div class=\"wp-block-cover alignfull is-light cover-container\" style=\"padding-top:0;padding-right:0;padding-bottom:0;padding-left:0;min-height:400px;aspect-ratio:unset;\"><span aria-hidden=\"true\" class=\"wp-block-cover__background has-palette-color-1-background-color has-background-dim-0 has-background-dim\"><\/span><div class=\"wp-block-cover__inner-container is-layout-flow wp-block-cover-is-layout-flow\">\n<div class=\"cover-container min-h-500\">\n    <div class=\"bg-cover\"><\/div>\n    <div class=\"image-cover\"><\/div>\n    <div class=\"overlay\"><\/div>\n    <div class=\"content\">\n        <div data-block=\"hook:65\" class=\"alignfull\"><article id=\"post-65\" class=\"post-65\"><div class=\"entry-content is-layout-constrained\">\n<div class=\"wp-block-group content is-content-justification-center is-layout-constrained wp-container-core-group-is-layout-86c0e624 wp-block-group-is-layout-constrained\">\n<h4 class=\"wp-block-heading has-text-align-center has-text-color has-link-color wp-elements-0340f1134d8dbbed9edb4e37044a4a77\" style=\"color:#c0c0c0;text-transform:uppercase\">NUESTROS PILARES<\/h4>\n<\/div>\n\n\n\n<div class=\"wp-block-columns content is-layout-flex wp-container-core-columns-is-layout-a9f81770 wp-block-columns-is-layout-flex\" style=\"margin-top:var(--wp--preset--spacing--60)\">\n<div class=\"wp-block-column is-vertically-aligned-top is-layout-flow wp-block-column-is-layout-flow\" style=\"padding-top:0;padding-right:0;padding-bottom:0;padding-left:0;flex-basis:50%\">\n<h4 class=\"wp-block-heading has-text-color has-link-color wp-elements-c403be44649cf1dda9afce3bb2ddc4c9\" style=\"color:#c0c0c0;margin-top:0;margin-bottom:var(--wp--preset--spacing--30)\">Independencia<\/h4>\n\n\n\n<p class=\"has-palette-color-8-color has-text-color has-link-color wp-elements-651976193423c2a7c9e5757ab9975015\" style=\"margin-top:0;margin-bottom:0\">Nuestras decisiones se toman internamente, de manera r\u00e1pida y sin influencias externas. Con un enfoque de arquitectura abierta, seleccionamos las mejores soluciones de manera objetiva.<\/p>\n<\/div>\n\n\n\n<div class=\"wp-block-column is-vertically-aligned-top is-layout-flow wp-block-column-is-layout-flow\" style=\"padding-top:0;padding-right:0;padding-bottom:0;padding-left:0;flex-basis:50%\">\n<h4 class=\"wp-block-heading has-text-color has-link-color wp-elements-851bf38eb7de566cde5488702e63e73e\" style=\"color:#c0c0c0;margin-top:0;margin-bottom:var(--wp--preset--spacing--30)\">Experiencia<\/h4>\n\n\n\n<p class=\"has-palette-color-8-color has-text-color has-link-color wp-elements-78c782903aa08628b82258d1a8b67630\" style=\"margin-top:0;margin-bottom:0\">Ofreciendo un espectro completo de servicios de gesti\u00f3n de activos y Family Office a medida, proporcionamos un enfoque personalizado y integral que abarca todos los aspectos de sus necesidades financieras.<\/p>\n<\/div>\n<\/div>\n\n\n\n<div class=\"wp-block-columns content is-layout-flex wp-container-core-columns-is-layout-fdf5e788 wp-block-columns-is-layout-flex\" style=\"margin-top:var(--wp--preset--spacing--40)\">\n<div class=\"wp-block-column is-vertically-aligned-top is-layout-flow wp-block-column-is-layout-flow\" style=\"padding-top:0;padding-right:0;padding-bottom:0;padding-left:0;flex-basis:50%\">\n<h4 class=\"wp-block-heading has-text-color has-link-color wp-elements-3af98b2fcdbab2700ab7d7d23baee9bf\" style=\"color:#c0c0c0;margin-top:0;margin-bottom:var(--wp--preset--spacing--30)\">Transparencia<\/h4>\n\n\n\n<p class=\"has-palette-color-8-color has-text-color has-link-color wp-elements-30cacbedba3306778eb727cc1fee046f\" style=\"margin-top:0;margin-bottom:0\">Garantizamos una total claridad en todos los aspectos de nuestro trabajo, incluyendo tarifas y estrategias de inversi\u00f3n.<\/p>\n<\/div>\n\n\n\n<div class=\"wp-block-column is-vertically-aligned-top is-layout-flow wp-block-column-is-layout-flow\" style=\"padding-top:0;padding-right:0;padding-bottom:0;padding-left:0;flex-basis:50%\">\n<h4 class=\"wp-block-heading has-text-color has-link-color wp-elements-dd4b5cb27a28be74eca8cc2c80670783\" style=\"color:#c0c0c0;margin-top:0;margin-bottom:var(--wp--preset--spacing--30)\">Soluciones a Medida<\/h4>\n\n\n\n<p class=\"has-palette-color-8-color has-text-color has-link-color wp-elements-186cc84eef77d2b6b1fae96803f6c161\" style=\"margin-top:0;margin-bottom:0\">Cada cliente es \u00fanico, al igual que las soluciones personalizadas que ofrecemos para cumplir con sus objetivos espec\u00edficos.<\/p>\n<\/div>\n<\/div>\n<\/div><\/article><\/div>\n    <\/div>\n<\/div>\n<\/div><\/div>\n<\/div><\/div><\/div>\n<\/div><\/div>\n\n\n\n<div class=\"wp-block-stackable-columns alignfull stk-block-columns stk--hide-desktop stk-block stk-a548f05\" data-block-id=\"a548f05\"><style>.stk-a548f05 {margin-top:0px !important;margin-bottom:0px !important;}@media screen and (max-width:999px){.stk-a548f05 {margin-top:0px !important;margin-bottom:0px !important;}}@media screen and (max-width:689px){.stk-a548f05 {margin-top:0px !important;margin-bottom:0px !important;}}<\/style><div class=\"stk-row stk-inner-blocks stk-block-content stk-content-align stk-a548f05-column alignfull\">\n<div class=\"wp-block-stackable-column stk-block-column stk-column stk-block stk-9d26dd2\" data-v=\"4\" data-block-id=\"9d26dd2\"><style>.stk-9d26dd2-container{margin-top:0px !important;margin-right:0px !important;margin-bottom:0px !important;margin-left:0px !important;}<\/style><div class=\"stk-column-wrapper stk-block-column__content stk-container stk-9d26dd2-container stk--no-background stk--no-padding\"><div class=\"stk-block-content stk-inner-blocks stk-9d26dd2-inner-blocks\">\n<div class=\"wp-block-cover alignfull is-light cover-container\" style=\"padding-top:0;padding-right:0;padding-bottom:0;padding-left:0;min-height:400px;aspect-ratio:unset;\"><span aria-hidden=\"true\" class=\"wp-block-cover__background has-palette-color-1-background-color has-background-dim-0 has-background-dim\"><\/span><div class=\"wp-block-cover__inner-container is-layout-flow wp-block-cover-is-layout-flow\">\n<div class=\"cover-container min-h-500 py-8\">\n    <div class=\"bg-cover\"><\/div>\n    <div class=\"image-cover\"><\/div>\n    <div class=\"overlay\"><\/div>\n    <div class=\"content\">\n        <div data-block=\"hook:65\" class=\"alignfull\"><article id=\"post-65\" class=\"post-65\"><div class=\"entry-content is-layout-constrained\">\n<div class=\"wp-block-group content is-content-justification-center is-layout-constrained wp-container-core-group-is-layout-86c0e624 wp-block-group-is-layout-constrained\">\n<h4 class=\"wp-block-heading has-text-align-center has-text-color has-link-color wp-elements-0340f1134d8dbbed9edb4e37044a4a77\" style=\"color:#c0c0c0;text-transform:uppercase\">NUESTROS PILARES<\/h4>\n<\/div>\n\n\n\n<div class=\"wp-block-columns content is-layout-flex wp-container-core-columns-is-layout-a9f81770 wp-block-columns-is-layout-flex\" style=\"margin-top:var(--wp--preset--spacing--60)\">\n<div class=\"wp-block-column is-vertically-aligned-top is-layout-flow wp-block-column-is-layout-flow\" style=\"padding-top:0;padding-right:0;padding-bottom:0;padding-left:0;flex-basis:50%\">\n<h4 class=\"wp-block-heading has-text-color has-link-color wp-elements-c403be44649cf1dda9afce3bb2ddc4c9\" style=\"color:#c0c0c0;margin-top:0;margin-bottom:var(--wp--preset--spacing--30)\">Independencia<\/h4>\n\n\n\n<p class=\"has-palette-color-8-color has-text-color has-link-color wp-elements-651976193423c2a7c9e5757ab9975015\" style=\"margin-top:0;margin-bottom:0\">Nuestras decisiones se toman internamente, de manera r\u00e1pida y sin influencias externas. Con un enfoque de arquitectura abierta, seleccionamos las mejores soluciones de manera objetiva.<\/p>\n<\/div>\n\n\n\n<div class=\"wp-block-column is-vertically-aligned-top is-layout-flow wp-block-column-is-layout-flow\" style=\"padding-top:0;padding-right:0;padding-bottom:0;padding-left:0;flex-basis:50%\">\n<h4 class=\"wp-block-heading has-text-color has-link-color wp-elements-851bf38eb7de566cde5488702e63e73e\" style=\"color:#c0c0c0;margin-top:0;margin-bottom:var(--wp--preset--spacing--30)\">Experiencia<\/h4>\n\n\n\n<p class=\"has-palette-color-8-color has-text-color has-link-color wp-elements-78c782903aa08628b82258d1a8b67630\" style=\"margin-top:0;margin-bottom:0\">Ofreciendo un espectro completo de servicios de gesti\u00f3n de activos y Family Office a medida, proporcionamos un enfoque personalizado y integral que abarca todos los aspectos de sus necesidades financieras.<\/p>\n<\/div>\n<\/div>\n\n\n\n<div class=\"wp-block-columns content is-layout-flex wp-container-core-columns-is-layout-fdf5e788 wp-block-columns-is-layout-flex\" style=\"margin-top:var(--wp--preset--spacing--40)\">\n<div class=\"wp-block-column is-vertically-aligned-top is-layout-flow wp-block-column-is-layout-flow\" style=\"padding-top:0;padding-right:0;padding-bottom:0;padding-left:0;flex-basis:50%\">\n<h4 class=\"wp-block-heading has-text-color has-link-color wp-elements-3af98b2fcdbab2700ab7d7d23baee9bf\" style=\"color:#c0c0c0;margin-top:0;margin-bottom:var(--wp--preset--spacing--30)\">Transparencia<\/h4>\n\n\n\n<p class=\"has-palette-color-8-color has-text-color has-link-color wp-elements-30cacbedba3306778eb727cc1fee046f\" style=\"margin-top:0;margin-bottom:0\">Garantizamos una total claridad en todos los aspectos de nuestro trabajo, incluyendo tarifas y estrategias de inversi\u00f3n.<\/p>\n<\/div>\n\n\n\n<div class=\"wp-block-column is-vertically-aligned-top is-layout-flow wp-block-column-is-layout-flow\" style=\"padding-top:0;padding-right:0;padding-bottom:0;padding-left:0;flex-basis:50%\">\n<h4 class=\"wp-block-heading has-text-color has-link-color wp-elements-dd4b5cb27a28be74eca8cc2c80670783\" style=\"color:#c0c0c0;margin-top:0;margin-bottom:var(--wp--preset--spacing--30)\">Soluciones a Medida<\/h4>\n\n\n\n<p class=\"has-palette-color-8-color has-text-color has-link-color wp-elements-186cc84eef77d2b6b1fae96803f6c161\" style=\"margin-top:0;margin-bottom:0\">Cada cliente es \u00fanico, al igual que las soluciones personalizadas que ofrecemos para cumplir con sus objetivos espec\u00edficos.<\/p>\n<\/div>\n<\/div>\n<\/div><\/article><\/div>\n    <\/div>\n<\/div>\n<\/div><\/div>\n<\/div><\/div><\/div>\n<\/div><\/div>\n\n\n\n<div class=\"wp-block-cover is-light\" style=\"min-height:100px;aspect-ratio:unset;\"><span aria-hidden=\"true\" class=\"wp-block-cover__background has-palette-color-8-background-color has-background-dim-0 has-background-dim\"><\/span><div class=\"wp-block-cover__inner-container is-layout-constrained wp-block-cover-is-layout-constrained\">\n<h4 class=\"wp-block-heading has-text-align-center has-palette-color-1-color has-text-color has-link-color wp-elements-3433a7fdc168d042190b1e2881f86185\" style=\"margin-top:0;margin-bottom:var(--wp--preset--spacing--30)\">Disponibilidad<\/h4>\n\n\n\n<p class=\"has-text-align-center\" style=\"margin-top:0;margin-bottom:0\">Estamos aqu\u00ed para usted, los siete d\u00edas de la semana, 365 d\u00edas al a\u00f1o.<\/p>\n<\/div><\/div>\n","protected":false},"excerpt":{"rendered":"","protected":false},"author":1,"featured_media":0,"parent":0,"menu_order":0,"comment_status":"closed","ping_status":"closed","template":"","meta":{"ngg_post_thumbnail":0,"_jet_sm_ready_style":"","_jet_sm_style":"","_jet_sm_controls_values":"","_jet_sm_fonts_collection":"","_jet_sm_fonts_links":"","footnotes":""},"class_list":["post-19","page","type-page","status-publish","hentry"],"blocksy_meta":{"vertical_spacing_source":"custom","content_area_spacing":"none","styles_descriptor":{"styles":{"desktop":"","tablet":"","mobile":""},"google_fonts":[],"version":6}},"_links":{"self":[{"href":"https:\/\/geneva-am.com.pa\/es\/wp-json\/wp\/v2\/pages\/19","targetHints":{"allow":["GET"]}}],"collection":[{"href":"https:\/\/geneva-am.com.pa\/es\/wp-json\/wp\/v2\/pages"}],"about":[{"href":"https:\/\/geneva-am.com.pa\/es\/wp-json\/wp\/v2\/types\/page"}],"author":[{"embeddable":true,"href":"https:\/\/geneva-am.com.pa\/es\/wp-json\/wp\/v2\/users\/1"}],"replies":[{"embeddable":true,"href":"https:\/\/geneva-am.com.pa\/es\/wp-json\/wp\/v2\/comments?post=19"}],"version-history":[{"count":11,"href":"https:\/\/geneva-am.com.pa\/es\/wp-json\/wp\/v2\/pages\/19\/revisions"}],"predecessor-version":[{"id":387,"href":"https:\/\/geneva-am.com.pa\/es\/wp-json\/wp\/v2\/pages\/19\/revisions\/387"}],"wp:attachment":[{"href":"https:\/\/geneva-am.com.pa\/es\/wp-json\/wp\/v2\/media?parent=19"}],"curies":[{"name":"wp","href":"https:\/\/api.w.org\/{rel}","templated":true}]}}